{"id":8,"date":"2018-12-03T08:42:46","date_gmt":"2018-12-03T08:42:46","guid":{"rendered":"http:\/\/www.maries-organicbeauty.cz\/?page_id=8"},"modified":"2021-09-27T14:40:42","modified_gmt":"2021-09-27T14:40:42","slug":"o-nas","status":"publish","type":"page","link":"https:\/\/www.maries-organicbeauty.cz\/index.php\/o-nas\/","title":{"rendered":"\u00c9MINENCE"},"content":{"rendered":"<p><img loading=\"lazy\" class=\"wp-image-350 alignleft\" src=\"http:\/\/www.maries-organicbeauty.cz\/wp-content\/uploads\/2020\/11\/Eminence_Organic_Logo_b606.jpg\" alt=\"\" width=\"150\" height=\"150\" srcset=\"https:\/\/www.maries-organicbeauty.cz\/wp-content\/uploads\/2020\/11\/Eminence_Organic_Logo_b606.jpg 250w, https:\/\/www.maries-organicbeauty.cz\/wp-content\/uploads\/2020\/11\/Eminence_Organic_Logo_b606-150x150.jpg 150w\" sizes=\"(max-width: 150px) 100vw, 150px\" \/><\/p>\n<p>\u00c9minence Organic Skin Care je vysoce koncentrovan\u00e1, p\u0159\u00edrodn\u00ed, organick\u00e1 kosmetika.<\/p>\n<p>Kosmetika, bez silikon\u016f, paraben\u016f, ftal\u00e1t\u016f, barviv, parfemace a jin\u00fdch um\u011bl\u00fdch l\u00e1tek. Produkty nejsou testov\u00e1ny na zv\u00ed\u0159atech.\u00a0P\u0159i v\u00fdrob\u011b jsou pou\u017e\u00edvan\u00fd ty nejekologi\u010dt\u011bj\u0161\u00ed postupy.<\/p>\n<p>Spole\u010dnost \u00c9minence byla zalo\u017eena v Ma\u010farsku ji\u017e v roce 1958 a zosob\u0148uje znalosti a mistrovstv\u00ed bylin\u00e1\u0159\u016f <span style=\"font-size: inherit;\">a po stalet\u00edmi osv\u011bd\u010den\u00fdch, nep\u0159ekonateln\u00fdch relaxa\u010dn\u00edch, l\u00e1ze\u0148sk\u00fdch a omlazovac\u00edch technik.\u00a0<\/span><\/p>\n<p>Filosofie zna\u010dky je velmi prost\u00e1 a p\u0159irozen\u00e1 a odpov\u00edd\u00e1 modern\u00ed pot\u0159eb\u011b nal\u00e9zt p\u0159\u00edrodn\u00ed \u0159e\u0161en\u00ed v p\u00e9\u010di o ple\u0165 a cel\u00e9 t\u011blo. Organick\u00e9 produkty obsahuj\u00ed vysokou koncentraci aktivn\u00edch p\u0159\u00edrodn\u00edch slo\u017eek, d\u00edky kter\u00e9 pou\u017eijete jen mal\u00e9 mno\u017estv\u00ed produkt\u016f a v\u00fdsledky jsou patrn\u00e9 ihned. Produkty lze vz\u00e1jemn\u011b m\u00edchat a nebo \u0159edit vodou \u010di \u010dajem.<\/p>\n<p style=\"text-align: center;\"><a href=\"https:\/\/www.eminence.cz\/\">V\u00edce o zna\u010dce\u00a0 \u00c9minence a E-SCHOP produkt\u016f zde<\/a><\/p>\n<p style=\"text-align: center;\"><em>Projevy pleti mohou m\u00edt r\u016fzn\u00e9 podoby,\u00a0ale\u2026\u201cJEN P\u0158\u00cdRODA UM\u00cd Z\u00c1ZRAKY\u201c.<\/em><\/p>\n<p style=\"text-align: center;\"><em>\u00a0<\/em><\/p>\n\n\n<div class=\"wp-block-image\"><figure class=\"aligncenter size-full is-resized\"><img loading=\"lazy\" src=\"http:\/\/www.maries-organicbeauty.cz\/wp-content\/uploads\/2021\/09\/14553214_1398170523544471_6357729097723936768_n.jpg\" alt=\"\" class=\"wp-image-611\" width=\"377\" height=\"377\" srcset=\"https:\/\/www.maries-organicbeauty.cz\/wp-content\/uploads\/2021\/09\/14553214_1398170523544471_6357729097723936768_n.jpg 640w, https:\/\/www.maries-organicbeauty.cz\/wp-content\/uploads\/2021\/09\/14553214_1398170523544471_6357729097723936768_n-300x300.jpg 300w, https:\/\/www.maries-organicbeauty.cz\/wp-content\/uploads\/2021\/09\/14553214_1398170523544471_6357729097723936768_n-150x150.jpg 150w, https:\/\/www.maries-organicbeauty.cz\/wp-content\/uploads\/2021\/09\/14553214_1398170523544471_6357729097723936768_n-75x75.jpg 75w\" sizes=\"(max-width: 377px) 100vw, 377px\" \/><figcaption><em>Ka\u017ed\u00e1 ple\u0165 si zaslou\u017e\u00ed tu nejlep\u0161\u00ed p\u00e9\u010di&#8230;<\/em><\/figcaption><\/figure><\/div>\n","protected":false},"excerpt":{"rendered":"<p>\u00c9minence Organic Skin Care je vysoce koncentrovan\u00e1, p\u0159\u00edrodn\u00ed, organick\u00e1 kosmetika. Kosmetika, bez silikon\u016f, paraben\u016f, ftal\u00e1t\u016f, barviv, parfemace a jin\u00fdch um\u011bl\u00fdch l\u00e1tek. Produkty nejsou testov\u00e1ny na zv\u00ed\u0159atech.\u00a0P\u0159i v\u00fdrob\u011b jsou pou\u017e\u00edvan\u00fd ty nejekologi\u010dt\u011bj\u0161\u00ed postupy. Spole\u010dnost \u00c9minence byla zalo\u017eena v Ma\u010farsku ji\u017e v roce 1958 a zosob\u0148uje znalosti a mistrovstv\u00ed bylin\u00e1\u0159\u016f a po stalet\u00edmi osv\u011bd\u010den\u00fdch, nep\u0159ekonateln\u00fdch relaxa\u010dn\u00edch, l\u00e1ze\u0148sk\u00fdch a omlazovac\u00edch technik.\u00a0 Filosofie zna\u010dky je velmi prost\u00e1 a p\u0159irozen\u00e1 a odpov\u00edd\u00e1 modern\u00ed pot\u0159eb\u011b nal\u00e9zt p\u0159\u00edrodn\u00ed \u0159e\u0161en\u00ed v p\u00e9\u010di o ple\u0165 a cel\u00e9 t\u011blo. Organick\u00e9 produkty obsahuj\u00ed vysokou koncentraci aktivn\u00edch p\u0159\u00edrodn\u00edch slo\u017eek, d\u00edky kter\u00e9 pou\u017eijete jen mal\u00e9 mno\u017estv\u00ed produkt\u016f a v\u00fdsledky jsou patrn\u00e9 ihned. Produkty lze vz\u00e1jemn\u011b m\u00edchat a nebo \u0159edit vodou \u010di \u010dajem. V\u00edce o zna\u010dce\u00a0 \u00c9minence a E-SCHOP produkt\u016f zde Projevy pleti mohou m\u00edt r\u016fzn\u00e9 podoby,\u00a0ale\u2026\u201cJEN P\u0158\u00cdRODA UM\u00cd Z\u00c1ZRAKY\u201c. \u00a0<\/p>\n","protected":false},"author":1,"featured_media":0,"parent":0,"menu_order":0,"comment_status":"closed","ping_status":"closed","template":"","meta":[],"_links":{"self":[{"href":"https:\/\/www.maries-organicbeauty.cz\/index.php\/wp-json\/wp\/v2\/pages\/8"}],"collection":[{"href":"https:\/\/www.maries-organicbeauty.cz\/index.php\/wp-json\/wp\/v2\/pages"}],"about":[{"href":"https:\/\/www.maries-organicbeauty.cz\/index.php\/wp-json\/wp\/v2\/types\/page"}],"author":[{"embeddable":true,"href":"https:\/\/www.maries-organicbeauty.cz\/index.php\/wp-json\/wp\/v2\/users\/1"}],"replies":[{"embeddable":true,"href":"https:\/\/www.maries-organicbeauty.cz\/index.php\/wp-json\/wp\/v2\/comments?post=8"}],"version-history":[{"count":32,"href":"https:\/\/www.maries-organicbeauty.cz\/index.php\/wp-json\/wp\/v2\/pages\/8\/revisions"}],"predecessor-version":[{"id":696,"href":"https:\/\/www.maries-organicbeauty.cz\/index.php\/wp-json\/wp\/v2\/pages\/8\/revisions\/696"}],"wp:attachment":[{"href":"https:\/\/www.maries-organicbeauty.cz\/index.php\/wp-json\/wp\/v2\/media?parent=8"}],"curies":[{"name":"wp","href":"https:\/\/api.w.org\/{rel}","templated":true}]}}